{"id":1834,"date":"2024-05-28T06:25:07","date_gmt":"2024-05-28T06:25:07","guid":{"rendered":"https:\/\/test.primariaceahlau.ro\/?page_id=1834"},"modified":"2024-05-28T07:42:07","modified_gmt":"2024-05-28T07:42:07","slug":"comuna-ceahlau","status":"publish","type":"page","link":"https:\/\/arhiva.primariaceahlau.ro\/?page_id=1834","title":{"rendered":"Comuna Ceahl\u0103u"},"content":{"rendered":"\t\t<div data-elementor-type=\"wp-page\" data-elementor-id=\"1834\" class=\"elementor elementor-1834\">\n\t\t\t\t\t\t<section class=\"elementor-section elementor-top-section elementor-element elementor-element-a5e9f66 elementor-section-boxed elementor-section-height-default elementor-section-height-default\" data-id=\"a5e9f66\" data-element_type=\"section\">\n\t\t\t\t\t\t<div class=\"elementor-container elementor-column-gap-default\">\n\t\t\t\t\t<div class=\"elementor-column elementor-col-100 elementor-top-column elementor-element elementor-element-6b6f535\" data-id=\"6b6f535\" data-element_type=\"column\">\n\t\t\t<div class=\"elementor-widget-wrap elementor-element-populated\">\n\t\t\t\t\t\t<div class=\"elementor-element elementor-element-b132f62 elementor-widget elementor-widget-heading\" data-id=\"b132f62\" data-element_type=\"widget\" data-widget_type=\"heading.default\">\n\t\t\t\t<div class=\"elementor-widget-container\">\n\t\t\t\t\t<h2 class=\"elementor-heading-title elementor-size-default\">Comuna Ceahl\u0103u<\/h2>\t\t\t\t<\/div>\n\t\t\t\t<\/div>\n\t\t\t\t<div class=\"elementor-element elementor-element-fb42404 elementor-widget-divider--view-line elementor-widget elementor-widget-divider\" data-id=\"fb42404\" data-element_type=\"widget\" data-widget_type=\"divider.default\">\n\t\t\t\t<div class=\"elementor-widget-container\">\n\t\t\t\t\t\t\t<div class=\"elementor-divider\">\n\t\t\t<span class=\"elementor-divider-separator\">\n\t\t\t\t\t\t<\/span>\n\t\t<\/div>\n\t\t\t\t\t\t<\/div>\n\t\t\t\t<\/div>\n\t\t\t\t\t<\/div>\n\t\t<\/div>\n\t\t\t\t\t<\/div>\n\t\t<\/section>\n\t\t\t\t<section class=\"elementor-section elementor-top-section elementor-element elementor-element-629169c elementor-section-boxed elementor-section-height-default elementor-section-height-default\" data-id=\"629169c\" data-element_type=\"section\">\n\t\t\t\t\t\t<div class=\"elementor-container elementor-column-gap-default\">\n\t\t\t\t\t<div class=\"elementor-column elementor-col-100 elementor-top-column elementor-element elementor-element-de3b7e1\" data-id=\"de3b7e1\" data-element_type=\"column\">\n\t\t\t<div class=\"elementor-widget-wrap elementor-element-populated\">\n\t\t\t\t\t\t<section class=\"elementor-section elementor-inner-section elementor-element elementor-element-0d6fcf9 elementor-section-boxed elementor-section-height-default elementor-section-height-default\" data-id=\"0d6fcf9\" data-element_type=\"section\">\n\t\t\t\t\t\t<div class=\"elementor-container elementor-column-gap-default\">\n\t\t\t\t\t<div class=\"elementor-column elementor-col-50 elementor-inner-column elementor-element elementor-element-8465d4a\" data-id=\"8465d4a\" data-element_type=\"column\">\n\t\t\t<div class=\"elementor-widget-wrap elementor-element-populated\">\n\t\t\t\t\t\t<div class=\"elementor-element elementor-element-d402a83 elementor-widget elementor-widget-image\" data-id=\"d402a83\" data-element_type=\"widget\" data-widget_type=\"image.default\">\n\t\t\t\t<div class=\"elementor-widget-container\">\n\t\t\t\t\t\t\t\t\t\t\t\t\t\t\t<img fetchpriority=\"high\" decoding=\"async\" width=\"800\" height=\"600\" src=\"https:\/\/arhiva.primariaceahlau.ro\/wp-content\/uploads\/2024\/05\/ceahlau3.jpg\" class=\"attachment-large size-large wp-image-1836\" alt=\"\" srcset=\"https:\/\/arhiva.primariaceahlau.ro\/wp-content\/uploads\/2024\/05\/ceahlau3.jpg 800w, https:\/\/arhiva.primariaceahlau.ro\/wp-content\/uploads\/2024\/05\/ceahlau3-300x225.jpg 300w, https:\/\/arhiva.primariaceahlau.ro\/wp-content\/uploads\/2024\/05\/ceahlau3-768x576.jpg 768w\" sizes=\"(max-width: 800px) 100vw, 800px\" \/>\t\t\t\t\t\t\t\t\t\t\t\t\t\t\t<\/div>\n\t\t\t\t<\/div>\n\t\t\t\t\t<\/div>\n\t\t<\/div>\n\t\t\t\t<div class=\"elementor-column elementor-col-50 elementor-inner-column elementor-element elementor-element-c0b42cc\" data-id=\"c0b42cc\" data-element_type=\"column\">\n\t\t\t<div class=\"elementor-widget-wrap elementor-element-populated\">\n\t\t\t\t\t\t<div class=\"elementor-element elementor-element-6a087f2 elementor-widget elementor-widget-text-editor\" data-id=\"6a087f2\" data-element_type=\"widget\" data-widget_type=\"text-editor.default\">\n\t\t\t\t<div class=\"elementor-widget-container\">\n\t\t\t\t\t\t\t\t\t<p>\u00a0 \u00a0 \u00a0Comuna Ceahl\u0103u, localitate caracteristic\u0103 zonei de munte, s-a dezvoltat de-lungul unor cursuri de ap\u0103, evolu\u021bia spa\u021bial\u0103 nefiind compact\u0103 datorit\u0103 reliefului ce a limitat-o. \u00cenainte de anul 1926, teritoriul apar\u021binea comunei Hangu, dar evolu\u021bia demografic\u0103 \u021bi distan\u021bele mari au determinat constituirea comunei, cu numele de Ceahl\u0103u de la Muntele Ceahl\u0103u, la poalele c\u0103ruia se afla, pe atunci av\u00e2nd \u00een componen\u021b\u0103 satele Schit, Lete\u0219ti \u0219i R\u0103pciune, inclusiv c\u0103tunul Rete\u0219.<\/p><p>\u00a0 \u00a0 \u00a0Dup\u0103 anul 1956, i s-a ad\u0103ugat \u0219i satul Bistricioara \u00een urma desfiin\u021b\u0103rii comunei cu acela\u0219i nume. \u00cen anul 1960, lacul de acumulare Izvorul Muntelui a diminuat suprafa\u021ba vetrelor de sat cu aproape 50%, intr\u00e2nd sub ap\u0103 cele mai fertile terenuri, terasele joase \u0219i largi ale Bistri\u021bei. Au fost afectate \u00een totalitate satul Lete\u0219ti \u0219i C\u0103tunul Rete\u0219. De\u0219i aceast\u0103 zon\u0103 ofer\u0103 condi\u021bii mai pu\u021bin prielnice dezvolt\u0103rii a\u0219ez\u0103rilor umane (altitudine mare, clim\u0103 rece, p\u0103duri intinse, teren arabil pu\u021bin), au fost \u0219i suficiente condi\u021bii ca aceasta s\u0103 cunosc\u0103 o straveche populare.<\/p><p>\u00a0 \u00a0 \u00a0Se remarc\u0103 o cre\u0219tere a num\u0103rului de a\u0219ez\u0103ri dup\u0103 secolul al XVIII-lea prin aportul de popula\u021bie venit\u0103 din Transilvania, dar mai ales dup\u0103 mijlocul secolului al XIX-lea, cre\u0219tere datorat\u0103 dezvolt\u0103rii exploat\u0103rilor forestiere \u0219i a industriei lemnului. Oamenii au preferat s\u0103 se a\u0219eze ini\u021bial pe culmile domoale. Urme de gospod\u0103rii se g\u0103sesc pe \u00een\u0103l\u021bimi, la Padina \u021aiganului, Podina Popii, Livada lui Matasa \u0219i altele. De pe la mijlocul secolului al XIX-lea au \u00eenceput s\u0103 fie populate \u0219i v\u0103ile apelor \u2013 pe \u0219esurile \u0219i terasele largi, unde se putea face agricultur\u0103. C\u0103tunele erau risipite, cu gospod\u0103rii mari \u0219i izolate. Dup\u0103 \u00eenmul\u021birea popula\u021biei, acestea s-au divizat \u00eentre mo\u0219tenitori, devenind mai mici \u0219i mai dese.<\/p>\t\t\t\t\t\t\t\t<\/div>\n\t\t\t\t<\/div>\n\t\t\t\t\t<\/div>\n\t\t<\/div>\n\t\t\t\t\t<\/div>\n\t\t<\/section>\n\t\t\t\t<section class=\"elementor-section elementor-inner-section elementor-element elementor-element-4d8101c elementor-section-boxed elementor-section-height-default elementor-section-height-default\" data-id=\"4d8101c\" data-element_type=\"section\">\n\t\t\t\t\t\t<div class=\"elementor-container elementor-column-gap-default\">\n\t\t\t\t\t<div class=\"elementor-column elementor-col-50 elementor-inner-column elementor-element elementor-element-e1d4452\" data-id=\"e1d4452\" data-element_type=\"column\">\n\t\t\t<div class=\"elementor-widget-wrap elementor-element-populated\">\n\t\t\t\t\t\t<div class=\"elementor-element elementor-element-8497ce5 elementor-widget elementor-widget-image\" data-id=\"8497ce5\" data-element_type=\"widget\" data-widget_type=\"image.default\">\n\t\t\t\t<div class=\"elementor-widget-container\">\n\t\t\t\t\t\t\t\t\t\t\t\t\t\t\t<img decoding=\"async\" width=\"640\" height=\"480\" src=\"https:\/\/arhiva.primariaceahlau.ro\/wp-content\/uploads\/2024\/05\/ceahlau10.jpg\" class=\"attachment-large size-large wp-image-1837\" alt=\"\" srcset=\"https:\/\/arhiva.primariaceahlau.ro\/wp-content\/uploads\/2024\/05\/ceahlau10.jpg 640w, https:\/\/arhiva.primariaceahlau.ro\/wp-content\/uploads\/2024\/05\/ceahlau10-300x225.jpg 300w\" sizes=\"(max-width: 640px) 100vw, 640px\" \/>\t\t\t\t\t\t\t\t\t\t\t\t\t\t\t<\/div>\n\t\t\t\t<\/div>\n\t\t\t\t\t<\/div>\n\t\t<\/div>\n\t\t\t\t<div class=\"elementor-column elementor-col-50 elementor-inner-column elementor-element elementor-element-8bf4d5d\" data-id=\"8bf4d5d\" data-element_type=\"column\">\n\t\t\t<div class=\"elementor-widget-wrap elementor-element-populated\">\n\t\t\t\t\t\t<div class=\"elementor-element elementor-element-eaddb1c elementor-widget elementor-widget-text-editor\" data-id=\"eaddb1c\" data-element_type=\"widget\" data-widget_type=\"text-editor.default\">\n\t\t\t\t<div class=\"elementor-widget-container\">\n\t\t\t\t\t\t\t\t\t<p>\u00a0 \u00a0 \u00cen prezent comuna Ceahl\u0103u cuprinde trei sate: Ceahl\u0103u, Bistricioara \u0219i P\u00e2r\u00e2ul Mare. Toate intr\u0103 \u00een categoria satelor de munte, r\u0103sfirate \u00een lungul apelor \u0219i a drumurilor care le inso\u021besc. Totu\u0219i, se observ\u0103 \u0219i anumite particularit\u0103\u021bi:<\/p><ul><li><div><div>Ceahl\u0103u \u2013 re\u0219edin\u021b\u0103 de comun\u0103, cu o popula\u021bie de peste 1.500 locuitori, se desf\u0103\u0219or\u0103 pe malurile p\u00e2r\u00e2ului Schitu (motiv pentru care s-a numit ini\u021bial satul Schit) \u0219i a numero\u0219ilor lui afluen\u021bi, cu gospod\u0103rii inguste, dispuse perpendicular pe drum, cu terenul agricol inclus, care se \u00eentinde p\u00e2n\u0103 sub poalele p\u0103durii. \u00cen partea dinspre amonte s-a dezvoltat Sta\u021biunea turistic\u0103 Dur\u0103u \u2013 situata sub V\u00e2rful Toaca. Aceasta atrage mii de turi\u0219ti anual, \u00een hotelurile \u0219i pensiunile agroturistice existente<\/div><\/div><\/li><li>Satul Bistricioara, cu o popula\u021bie de cca. 800 locuitori, se \u00eentinde pe terasele inferioare ale r\u00e2ului cu acela\u0219i nume, \u00een lungul celor dou\u0103 drumuri paralele, cu terenuri mai drepte, care au permis dispunerea mai adunat\u0103 a gospod\u0103riilor. Acest sat are condi\u021bii optime de dezvoltare economic\u0103 divers\u0103<\/li><li>Satul P\u00e2r\u00e2ul Mare este o a\u0219ezare mai nou\u0103, alc\u0103tuit\u0103 din aproximativ 140 locuitori str\u0103muta\u021bi din satele disp\u0103rute sub apele Lacului de acumulare. El se intinde \u00een lungul p\u00e2r\u00e2ului cu acela\u0219i nume \u0219i a drumului ce-l inso\u021be\u0219te, av\u00e2nd gospod\u0103rii rare, cu terenuri arabile reduse;<\/li><\/ul>\t\t\t\t\t\t\t\t<\/div>\n\t\t\t\t<\/div>\n\t\t\t\t\t<\/div>\n\t\t<\/div>\n\t\t\t\t\t<\/div>\n\t\t<\/section>\n\t\t\t\t<div class=\"elementor-element elementor-element-229c641 elementor-widget-divider--view-line elementor-widget elementor-widget-divider\" data-id=\"229c641\" data-element_type=\"widget\" data-widget_type=\"divider.default\">\n\t\t\t\t<div class=\"elementor-widget-container\">\n\t\t\t\t\t\t\t<div class=\"elementor-divider\">\n\t\t\t<span class=\"elementor-divider-separator\">\n\t\t\t\t\t\t<\/span>\n\t\t<\/div>\n\t\t\t\t\t\t<\/div>\n\t\t\t\t<\/div>\n\t\t\t\t\t<\/div>\n\t\t<\/div>\n\t\t\t\t\t<\/div>\n\t\t<\/section>\n\t\t\t\t<section class=\"elementor-section elementor-top-section elementor-element elementor-element-18b64f8 elementor-section-boxed elementor-section-height-default elementor-section-height-default\" data-id=\"18b64f8\" data-element_type=\"section\">\n\t\t\t\t\t\t<div class=\"elementor-container elementor-column-gap-default\">\n\t\t\t\t\t<div class=\"elementor-column elementor-col-100 elementor-top-column elementor-element elementor-element-32c7030\" data-id=\"32c7030\" data-element_type=\"column\">\n\t\t\t<div class=\"elementor-widget-wrap elementor-element-populated\">\n\t\t\t\t\t\t<div class=\"elementor-element elementor-element-fad1746 elementor-widget elementor-widget-heading\" data-id=\"fad1746\" data-element_type=\"widget\" data-widget_type=\"heading.default\">\n\t\t\t\t<div class=\"elementor-widget-container\">\n\t\t\t\t\t<h2 class=\"elementor-heading-title elementor-size-default\">Parcul Na\u021bional Ceahl\u0103u<\/h2>\t\t\t\t<\/div>\n\t\t\t\t<\/div>\n\t\t\t\t\t<\/div>\n\t\t<\/div>\n\t\t\t\t\t<\/div>\n\t\t<\/section>\n\t\t\t\t<section class=\"elementor-section elementor-top-section elementor-element elementor-element-0cbcb58 elementor-section-boxed elementor-section-height-default elementor-section-height-default\" data-id=\"0cbcb58\" data-element_type=\"section\">\n\t\t\t\t\t\t<div class=\"elementor-container elementor-column-gap-default\">\n\t\t\t\t\t<div class=\"elementor-column elementor-col-100 elementor-top-column elementor-element elementor-element-7103112\" data-id=\"7103112\" data-element_type=\"column\">\n\t\t\t<div class=\"elementor-widget-wrap elementor-element-populated\">\n\t\t\t\t\t\t<section class=\"elementor-section elementor-inner-section elementor-element elementor-element-6bb6bc0 elementor-section-boxed elementor-section-height-default elementor-section-height-default\" data-id=\"6bb6bc0\" data-element_type=\"section\">\n\t\t\t\t\t\t<div class=\"elementor-container elementor-column-gap-default\">\n\t\t\t\t\t<div class=\"elementor-column elementor-col-50 elementor-inner-column elementor-element elementor-element-02b8d58\" data-id=\"02b8d58\" data-element_type=\"column\">\n\t\t\t<div class=\"elementor-widget-wrap elementor-element-populated\">\n\t\t\t\t\t\t<div class=\"elementor-element elementor-element-492141a elementor-widget elementor-widget-html\" data-id=\"492141a\" data-element_type=\"widget\" data-widget_type=\"html.default\">\n\t\t\t\t<div class=\"elementor-widget-container\">\n\t\t\t\t\t<iframe height=\"300\" src=\"https:\/\/www.youtube.com\/embed\/cYWfpz-JR1o\" frameborder=\"0\"  allowfullscreen><\/iframe>\t\t\t\t<\/div>\n\t\t\t\t<\/div>\n\t\t\t\t\t<\/div>\n\t\t<\/div>\n\t\t\t\t<div class=\"elementor-column elementor-col-50 elementor-inner-column elementor-element elementor-element-11fc7ce\" data-id=\"11fc7ce\" data-element_type=\"column\">\n\t\t\t<div class=\"elementor-widget-wrap elementor-element-populated\">\n\t\t\t\t\t\t<div class=\"elementor-element elementor-element-5af2519 elementor-widget elementor-widget-text-editor\" data-id=\"5af2519\" data-element_type=\"widget\" data-widget_type=\"text-editor.default\">\n\t\t\t\t<div class=\"elementor-widget-container\">\n\t\t\t\t\t\t\t\t\t<p>\u00a0 \u00a0 Muntele Ceahl\u0103u este cel mai renumit \u015fi mai impresionant masiv din partea central\u0103 a Carpa\u0163ilor Orientali, fiind unul dintre pu\u0163inele complexe carpatine care mai pastreaz\u0103 \u00eenc\u0103 e\u015fantioane nealterate ale naturii. \u00cen plus, Ceahl\u0103ul este unul din cei mai boga\u0163i mun\u0163i \u00een legend\u0103 \u015fi mitologie.<\/p><p>Parcul Na\u021bional Ceahl\u0103u a fost declarat arie protejat\u0103 \u00een anul 2000 \u0219i reprezint\u0103 un areal montan cu o mare diversitate reliefal\u0103 cu p\u0103duri, paji\u0219ti \u0219i f\u00e2ne\u021be. Situat \u00een arealul Carpa\u021bilor Orientali \u0219i localizat la nivelul zonei centrale, include ariile protejate Poli\u021ba cu Crini (rezerva\u021bie natural\u0103 de tip \u0219tiin\u021bific \u0219i botanic) \u0219i Cascada Duruitoarea (monument al naturii).Aria natural\u0103 dispune de mai multe tipuri de habitate ce ad\u0103postesc o gam\u0103 divers\u0103 de flor\u0103 \u0219i faun\u0103 specific\u0103 lan\u021bului oriental al Carpa\u021bilor.Fauna parcului este una divers\u0103 \u0219i bine reprezentat\u0103 din mai multe specii de mamifere, p\u0103s\u0103ri, reptile \u0219i amfibieni.<\/p>\t\t\t\t\t\t\t\t<\/div>\n\t\t\t\t<\/div>\n\t\t\t\t\t<\/div>\n\t\t<\/div>\n\t\t\t\t\t<\/div>\n\t\t<\/section>\n\t\t\t\t<div class=\"elementor-element elementor-element-5bc828d elementor-widget-divider--view-line elementor-widget elementor-widget-divider\" data-id=\"5bc828d\" data-element_type=\"widget\" data-widget_type=\"divider.default\">\n\t\t\t\t<div class=\"elementor-widget-container\">\n\t\t\t\t\t\t\t<div class=\"elementor-divider\">\n\t\t\t<span class=\"elementor-divider-separator\">\n\t\t\t\t\t\t<\/span>\n\t\t<\/div>\n\t\t\t\t\t\t<\/div>\n\t\t\t\t<\/div>\n\t\t\t\t\t<\/div>\n\t\t<\/div>\n\t\t\t\t\t<\/div>\n\t\t<\/section>\n\t\t\t\t<section class=\"elementor-section elementor-top-section elementor-element elementor-element-117e196 elementor-section-boxed elementor-section-height-default elementor-section-height-default\" data-id=\"117e196\" data-element_type=\"section\">\n\t\t\t\t\t\t<div class=\"elementor-container elementor-column-gap-default\">\n\t\t\t\t\t<div class=\"elementor-column elementor-col-100 elementor-top-column elementor-element elementor-element-062b213\" data-id=\"062b213\" data-element_type=\"column\">\n\t\t\t<div class=\"elementor-widget-wrap elementor-element-populated\">\n\t\t\t\t\t\t<div class=\"elementor-element elementor-element-c25219a elementor-widget elementor-widget-heading\" data-id=\"c25219a\" data-element_type=\"widget\" data-widget_type=\"heading.default\">\n\t\t\t\t<div class=\"elementor-widget-container\">\n\t\t\t\t\t<h2 class=\"elementor-heading-title elementor-size-default\">Galerie foto<\/h2>\t\t\t\t<\/div>\n\t\t\t\t<\/div>\n\t\t\t\t\t<\/div>\n\t\t<\/div>\n\t\t\t\t\t<\/div>\n\t\t<\/section>\n\t\t\t\t<section class=\"elementor-section elementor-top-section elementor-element elementor-element-a3c92aa elementor-section-boxed elementor-section-height-default elementor-section-height-default\" data-id=\"a3c92aa\" data-element_type=\"section\">\n\t\t\t\t\t\t<div class=\"elementor-container elementor-column-gap-default\">\n\t\t\t\t\t<div class=\"elementor-column elementor-col-100 elementor-top-column elementor-element elementor-element-fb04832\" data-id=\"fb04832\" data-element_type=\"column\">\n\t\t\t<div class=\"elementor-widget-wrap elementor-element-populated\">\n\t\t\t\t\t\t<div class=\"elementor-element elementor-element-4682be3 gallery-spacing-custom elementor-widget elementor-widget-image-gallery\" data-id=\"4682be3\" data-element_type=\"widget\" data-widget_type=\"image-gallery.default\">\n\t\t\t\t<div class=\"elementor-widget-container\">\n\t\t\t\t\t\t\t<div class=\"elementor-image-gallery\">\n\t\t\t<div id='gallery-1' class='gallery galleryid-1834 gallery-columns-4 gallery-size-medium'><figure class='gallery-item'>\n\t\t\t<div class='gallery-icon landscape'>\n\t\t\t\t<a data-elementor-open-lightbox=\"yes\" data-elementor-lightbox-slideshow=\"4682be3\" data-elementor-lightbox-title=\"ceahlau2\" data-e-action-hash=\"#elementor-action%3Aaction%3Dlightbox%26settings%3DeyJpZCI6MTMxMiwidXJsIjoiaHR0cHM6XC9cL2FyaGl2YS5wcmltYXJpYWNlYWhsYXUucm9cL3dwLWNvbnRlbnRcL3VwbG9hZHNcLzIwMjNcLzEyXC9jZWFobGF1Mi5qcGciLCJzbGlkZXNob3ciOiI0NjgyYmUzIn0%3D\" href='https:\/\/arhiva.primariaceahlau.ro\/wp-content\/uploads\/2023\/12\/ceahlau2.jpg'><img decoding=\"async\" width=\"300\" height=\"240\" src=\"https:\/\/arhiva.primariaceahlau.ro\/wp-content\/uploads\/2023\/12\/ceahlau2.jpg\" class=\"attachment-medium size-medium\" alt=\"\" \/><\/a>\n\t\t\t<\/div><\/figure><figure class='gallery-item'>\n\t\t\t<div class='gallery-icon landscape'>\n\t\t\t\t<a data-elementor-open-lightbox=\"yes\" data-elementor-lightbox-slideshow=\"4682be3\" data-elementor-lightbox-title=\"ceahlau1\" data-e-action-hash=\"#elementor-action%3Aaction%3Dlightbox%26settings%3DeyJpZCI6MTMxMSwidXJsIjoiaHR0cHM6XC9cL2FyaGl2YS5wcmltYXJpYWNlYWhsYXUucm9cL3dwLWNvbnRlbnRcL3VwbG9hZHNcLzIwMjNcLzEyXC9jZWFobGF1MS5qcGciLCJzbGlkZXNob3ciOiI0NjgyYmUzIn0%3D\" href='https:\/\/arhiva.primariaceahlau.ro\/wp-content\/uploads\/2023\/12\/ceahlau1.jpg'><img loading=\"lazy\" decoding=\"async\" width=\"300\" height=\"240\" src=\"https:\/\/arhiva.primariaceahlau.ro\/wp-content\/uploads\/2023\/12\/ceahlau1.jpg\" class=\"attachment-medium size-medium\" alt=\"\" \/><\/a>\n\t\t\t<\/div><\/figure><figure class='gallery-item'>\n\t\t\t<div class='gallery-icon landscape'>\n\t\t\t\t<a data-elementor-open-lightbox=\"yes\" data-elementor-lightbox-slideshow=\"4682be3\" data-elementor-lightbox-title=\"ceahlau5\" data-e-action-hash=\"#elementor-action%3Aaction%3Dlightbox%26settings%3DeyJpZCI6MTMxNCwidXJsIjoiaHR0cHM6XC9cL2FyaGl2YS5wcmltYXJpYWNlYWhsYXUucm9cL3dwLWNvbnRlbnRcL3VwbG9hZHNcLzIwMjNcLzEyXC9jZWFobGF1NS5qcGciLCJzbGlkZXNob3ciOiI0NjgyYmUzIn0%3D\" href='https:\/\/arhiva.primariaceahlau.ro\/wp-content\/uploads\/2023\/12\/ceahlau5.jpg'><img loading=\"lazy\" decoding=\"async\" width=\"300\" height=\"240\" src=\"https:\/\/arhiva.primariaceahlau.ro\/wp-content\/uploads\/2023\/12\/ceahlau5.jpg\" class=\"attachment-medium size-medium\" alt=\"\" \/><\/a>\n\t\t\t<\/div><\/figure><figure class='gallery-item'>\n\t\t\t<div class='gallery-icon landscape'>\n\t\t\t\t<a data-elementor-open-lightbox=\"yes\" data-elementor-lightbox-slideshow=\"4682be3\" data-elementor-lightbox-title=\"ceahlau4\" data-e-action-hash=\"#elementor-action%3Aaction%3Dlightbox%26settings%3DeyJpZCI6MTMxMywidXJsIjoiaHR0cHM6XC9cL2FyaGl2YS5wcmltYXJpYWNlYWhsYXUucm9cL3dwLWNvbnRlbnRcL3VwbG9hZHNcLzIwMjNcLzEyXC9jZWFobGF1NC5qcGciLCJzbGlkZXNob3ciOiI0NjgyYmUzIn0%3D\" href='https:\/\/arhiva.primariaceahlau.ro\/wp-content\/uploads\/2023\/12\/ceahlau4.jpg'><img loading=\"lazy\" decoding=\"async\" width=\"300\" height=\"240\" src=\"https:\/\/arhiva.primariaceahlau.ro\/wp-content\/uploads\/2023\/12\/ceahlau4.jpg\" class=\"attachment-medium size-medium\" alt=\"\" \/><\/a>\n\t\t\t<\/div><\/figure><figure class='gallery-item'>\n\t\t\t<div class='gallery-icon landscape'>\n\t\t\t\t<a data-elementor-open-lightbox=\"yes\" data-elementor-lightbox-slideshow=\"4682be3\" data-elementor-lightbox-title=\"ceahlau7\" data-e-action-hash=\"#elementor-action%3Aaction%3Dlightbox%26settings%3DeyJpZCI6MTMxNiwidXJsIjoiaHR0cHM6XC9cL2FyaGl2YS5wcmltYXJpYWNlYWhsYXUucm9cL3dwLWNvbnRlbnRcL3VwbG9hZHNcLzIwMjNcLzEyXC9jZWFobGF1Ny5qcGciLCJzbGlkZXNob3ciOiI0NjgyYmUzIn0%3D\" href='https:\/\/arhiva.primariaceahlau.ro\/wp-content\/uploads\/2023\/12\/ceahlau7.jpg'><img loading=\"lazy\" decoding=\"async\" width=\"300\" height=\"240\" src=\"https:\/\/arhiva.primariaceahlau.ro\/wp-content\/uploads\/2023\/12\/ceahlau7.jpg\" class=\"attachment-medium size-medium\" alt=\"\" \/><\/a>\n\t\t\t<\/div><\/figure><figure class='gallery-item'>\n\t\t\t<div class='gallery-icon landscape'>\n\t\t\t\t<a data-elementor-open-lightbox=\"yes\" data-elementor-lightbox-slideshow=\"4682be3\" data-elementor-lightbox-title=\"ceahlau8\" data-e-action-hash=\"#elementor-action%3Aaction%3Dlightbox%26settings%3DeyJpZCI6MTMxNywidXJsIjoiaHR0cHM6XC9cL2FyaGl2YS5wcmltYXJpYWNlYWhsYXUucm9cL3dwLWNvbnRlbnRcL3VwbG9hZHNcLzIwMjNcLzEyXC9jZWFobGF1OC5qcGciLCJzbGlkZXNob3ciOiI0NjgyYmUzIn0%3D\" href='https:\/\/arhiva.primariaceahlau.ro\/wp-content\/uploads\/2023\/12\/ceahlau8.jpg'><img loading=\"lazy\" decoding=\"async\" width=\"300\" height=\"240\" src=\"https:\/\/arhiva.primariaceahlau.ro\/wp-content\/uploads\/2023\/12\/ceahlau8.jpg\" class=\"attachment-medium size-medium\" alt=\"\" \/><\/a>\n\t\t\t<\/div><\/figure><figure class='gallery-item'>\n\t\t\t<div class='gallery-icon landscape'>\n\t\t\t\t<a data-elementor-open-lightbox=\"yes\" data-elementor-lightbox-slideshow=\"4682be3\" data-elementor-lightbox-title=\"ceahlau3\" data-e-action-hash=\"#elementor-action%3Aaction%3Dlightbox%26settings%3DeyJpZCI6MTgzNiwidXJsIjoiaHR0cHM6XC9cL2FyaGl2YS5wcmltYXJpYWNlYWhsYXUucm9cL3dwLWNvbnRlbnRcL3VwbG9hZHNcLzIwMjRcLzA1XC9jZWFobGF1My5qcGciLCJzbGlkZXNob3ciOiI0NjgyYmUzIn0%3D\" href='https:\/\/arhiva.primariaceahlau.ro\/wp-content\/uploads\/2024\/05\/ceahlau3.jpg'><img loading=\"lazy\" decoding=\"async\" width=\"300\" height=\"225\" src=\"https:\/\/arhiva.primariaceahlau.ro\/wp-content\/uploads\/2024\/05\/ceahlau3-300x225.jpg\" class=\"attachment-medium size-medium\" alt=\"\" srcset=\"https:\/\/arhiva.primariaceahlau.ro\/wp-content\/uploads\/2024\/05\/ceahlau3-300x225.jpg 300w, https:\/\/arhiva.primariaceahlau.ro\/wp-content\/uploads\/2024\/05\/ceahlau3-768x576.jpg 768w, https:\/\/arhiva.primariaceahlau.ro\/wp-content\/uploads\/2024\/05\/ceahlau3.jpg 800w\" sizes=\"(max-width: 300px) 100vw, 300px\" \/><\/a>\n\t\t\t<\/div><\/figure>\n\t\t<\/div>\n\t\t<\/div>\n\t\t\t\t\t\t<\/div>\n\t\t\t\t<\/div>\n\t\t\t\t\t<\/div>\n\t\t<\/div>\n\t\t\t\t\t<\/div>\n\t\t<\/section>\n\t\t\t\t<\/div>\n\t\t","protected":false},"excerpt":{"rendered":"<p>Comuna Ceahl\u0103u \u00a0 \u00a0 \u00a0Comuna Ceahl\u0103u, localitate caracteristic\u0103 zonei de munte, s-a dezvoltat de-lungul unor cursuri de ap\u0103, evolu\u021bia spa\u021bial\u0103 nefiind compact\u0103 datorit\u0103 reliefului ce a limitat-o. \u00cenainte de anul 1926, teritoriul apar\u021binea comunei Hangu, dar evolu\u021bia demografic\u0103 \u021bi distan\u021bele mari au determinat constituirea comunei, cu numele de Ceahl\u0103u de la Muntele Ceahl\u0103u, la poalele &hellip;<\/p>\n<p class=\"read-more\"> <a class=\"\" href=\"https:\/\/arhiva.primariaceahlau.ro\/?page_id=1834\"> <span class=\"screen-reader-text\">Comuna Ceahl\u0103u<\/span> Read More &raquo;<\/a><\/p>\n","protected":false},"author":4,"featured_media":0,"parent":0,"menu_order":0,"comment_status":"closed","ping_status":"closed","template":"","meta":{"site-sidebar-layout":"no-sidebar","site-content-layout":"page-builder","ast-site-content-layout":"default","site-content-style":"default","site-sidebar-style":"default","ast-global-header-display":"","ast-banner-title-visibility":"","ast-main-header-display":"","ast-hfb-above-header-display":"","ast-hfb-below-header-display":"","ast-hfb-mobile-header-display":"","site-post-title":"disabled","ast-breadcrumbs-content":"","ast-featured-img":"disabled","footer-sml-layout":"","theme-transparent-header-meta":"","adv-header-id-meta":"","stick-header-meta":"","header-above-stick-meta":"","header-main-stick-meta":"","header-below-stick-meta":"","astra-migrate-meta-layouts":"set","footnotes":""},"class_list":["post-1834","page","type-page","status-publish","hentry"],"_links":{"self":[{"href":"https:\/\/arhiva.primariaceahlau.ro\/index.php?rest_route=\/wp\/v2\/pages\/1834","targetHints":{"allow":["GET"]}}],"collection":[{"href":"https:\/\/arhiva.primariaceahlau.ro\/index.php?rest_route=\/wp\/v2\/pages"}],"about":[{"href":"https:\/\/arhiva.primariaceahlau.ro\/index.php?rest_route=\/wp\/v2\/types\/page"}],"author":[{"embeddable":true,"href":"https:\/\/arhiva.primariaceahlau.ro\/index.php?rest_route=\/wp\/v2\/users\/4"}],"replies":[{"embeddable":true,"href":"https:\/\/arhiva.primariaceahlau.ro\/index.php?rest_route=%2Fwp%2Fv2%2Fcomments&post=1834"}],"version-history":[{"count":7,"href":"https:\/\/arhiva.primariaceahlau.ro\/index.php?rest_route=\/wp\/v2\/pages\/1834\/revisions"}],"predecessor-version":[{"id":1852,"href":"https:\/\/arhiva.primariaceahlau.ro\/index.php?rest_route=\/wp\/v2\/pages\/1834\/revisions\/1852"}],"wp:attachment":[{"href":"https:\/\/arhiva.primariaceahlau.ro\/index.php?rest_route=%2Fwp%2Fv2%2Fmedia&parent=1834"}],"curies":[{"name":"wp","href":"https:\/\/api.w.org\/{rel}","templated":true}]}}