{"id":1683,"date":"2024-05-23T13:30:05","date_gmt":"2024-05-23T13:30:05","guid":{"rendered":"https:\/\/test.primariaceahlau.ro\/?page_id=1683"},"modified":"2024-05-24T13:21:46","modified_gmt":"2024-05-24T13:21:46","slug":"achizitii-publice","status":"publish","type":"page","link":"https:\/\/arhiva.primariaceahlau.ro\/?page_id=1683","title":{"rendered":"Achizi\u021bii publice"},"content":{"rendered":"\t\t<div data-elementor-type=\"wp-page\" data-elementor-id=\"1683\" class=\"elementor elementor-1683\">\n\t\t\t\t\t\t<section class=\"elementor-section elementor-top-section elementor-element elementor-element-c8af2ac elementor-section-boxed elementor-section-height-default elementor-section-height-default\" data-id=\"c8af2ac\" data-element_type=\"section\">\n\t\t\t\t\t\t<div class=\"elementor-container elementor-column-gap-default\">\n\t\t\t\t\t<div class=\"elementor-column elementor-col-100 elementor-top-column elementor-element elementor-element-104104a\" data-id=\"104104a\" data-element_type=\"column\">\n\t\t\t<div class=\"elementor-widget-wrap elementor-element-populated\">\n\t\t\t\t\t\t<div class=\"elementor-element elementor-element-3caa2dc elementor-widget elementor-widget-heading\" data-id=\"3caa2dc\" data-element_type=\"widget\" data-widget_type=\"heading.default\">\n\t\t\t\t<div class=\"elementor-widget-container\">\n\t\t\t\t\t<h3 class=\"elementor-heading-title elementor-size-default\">Achizi\u021bii publice<\/h3>\t\t\t\t<\/div>\n\t\t\t\t<\/div>\n\t\t\t\t<div class=\"elementor-element elementor-element-b47ac33 elementor-widget-divider--view-line elementor-widget elementor-widget-divider\" data-id=\"b47ac33\" data-element_type=\"widget\" data-widget_type=\"divider.default\">\n\t\t\t\t<div class=\"elementor-widget-container\">\n\t\t\t\t\t\t\t<div class=\"elementor-divider\">\n\t\t\t<span class=\"elementor-divider-separator\">\n\t\t\t\t\t\t<\/span>\n\t\t<\/div>\n\t\t\t\t\t\t<\/div>\n\t\t\t\t<\/div>\n\t\t\t\t<div class=\"elementor-element elementor-element-836b0e1 elementor-widget elementor-widget-text-editor\" data-id=\"836b0e1\" data-element_type=\"widget\" data-widget_type=\"text-editor.default\">\n\t\t\t\t<div class=\"elementor-widget-container\">\n\t\t\t\t\t\t\t\t\t<h4>Responsabil departament:<\/h4><h4 style=\"padding-left: 120px;\">SAVIN ROBERT \u0218TEFAN<\/h4>\t\t\t\t\t\t\t\t<\/div>\n\t\t\t\t<\/div>\n\t\t\t\t<div class=\"elementor-element elementor-element-1f55cc5 elementor-widget-divider--view-line elementor-widget elementor-widget-divider\" data-id=\"1f55cc5\" data-element_type=\"widget\" data-widget_type=\"divider.default\">\n\t\t\t\t<div class=\"elementor-widget-container\">\n\t\t\t\t\t\t\t<div class=\"elementor-divider\">\n\t\t\t<span class=\"elementor-divider-separator\">\n\t\t\t\t\t\t<\/span>\n\t\t<\/div>\n\t\t\t\t\t\t<\/div>\n\t\t\t\t<\/div>\n\t\t\t\t\t<\/div>\n\t\t<\/div>\n\t\t\t\t\t<\/div>\n\t\t<\/section>\n\t\t\t\t<section class=\"elementor-section elementor-top-section elementor-element elementor-element-da53b41 elementor-section-boxed elementor-section-height-default elementor-section-height-default\" data-id=\"da53b41\" data-element_type=\"section\">\n\t\t\t\t\t\t<div class=\"elementor-container elementor-column-gap-default\">\n\t\t\t\t\t<div class=\"elementor-column elementor-col-100 elementor-top-column elementor-element elementor-element-c661995\" data-id=\"c661995\" data-element_type=\"column\">\n\t\t\t<div class=\"elementor-widget-wrap elementor-element-populated\">\n\t\t\t\t\t\t<div class=\"elementor-element elementor-element-b997206 elementor-widget elementor-widget-heading\" data-id=\"b997206\" data-element_type=\"widget\" data-widget_type=\"heading.default\">\n\t\t\t\t<div class=\"elementor-widget-container\">\n\t\t\t\t\t<h4 class=\"elementor-heading-title elementor-size-default\">Atribu\u021bii<\/h4>\t\t\t\t<\/div>\n\t\t\t\t<\/div>\n\t\t\t\t<div class=\"elementor-element elementor-element-582f955 elementor-widget-divider--view-line elementor-widget elementor-widget-divider\" data-id=\"582f955\" data-element_type=\"widget\" data-widget_type=\"divider.default\">\n\t\t\t\t<div class=\"elementor-widget-container\">\n\t\t\t\t\t\t\t<div class=\"elementor-divider\">\n\t\t\t<span class=\"elementor-divider-separator\">\n\t\t\t\t\t\t<\/span>\n\t\t<\/div>\n\t\t\t\t\t\t<\/div>\n\t\t\t\t<\/div>\n\t\t\t\t\t<\/div>\n\t\t<\/div>\n\t\t\t\t\t<\/div>\n\t\t<\/section>\n\t\t\t\t<section class=\"elementor-section elementor-top-section elementor-element elementor-element-3ee7688 elementor-section-boxed elementor-section-height-default elementor-section-height-default\" data-id=\"3ee7688\" data-element_type=\"section\">\n\t\t\t\t\t\t<div class=\"elementor-container elementor-column-gap-default\">\n\t\t\t\t\t<div class=\"elementor-column elementor-col-50 elementor-top-column elementor-element elementor-element-4800a65\" data-id=\"4800a65\" data-element_type=\"column\">\n\t\t\t<div class=\"elementor-widget-wrap elementor-element-populated\">\n\t\t\t\t\t\t<div class=\"elementor-element elementor-element-3968c49 elementor-widget elementor-widget-text-editor\" data-id=\"3968c49\" data-element_type=\"widget\" data-widget_type=\"text-editor.default\">\n\t\t\t\t<div class=\"elementor-widget-container\">\n\t\t\t\t\t\t\t\t\t<ul><li>\u00eentocmirea programului anual al achizi\u0163iilor publice, \u00eenaintarea spre aprobare conduc\u0103torului autorit\u0103\u0163ii contractante conform atribu\u0163iilor legale ce \u00eei revin, cu avizul Serviciului Contabil;<\/li><li>operarea sau completarea ulterioar\u0103 a programului anual al achizi\u0163iilor publice, modific\u0103ri\/complet\u0103ri care se aprob\u0103 \u00een acelea\u015fi condi\u0163ii ca \u015fi programul anual;<\/li><li>\u00a0primirea \u015fi analizarea referatelor de necesitate;<\/li><li>primirea \u015fi analizarea listelor cu cantit\u0103\u0163i;<\/li><li>verificarea existen\u0163ei fondurilor alocate \u00een buget pentru fiecare achizi\u0163ie public\u0103 \u00een parte;<\/li><li>\u00eentocmirea notei justificative de estimare a valorii contractului de achizi\u0163ie public\u0103, a notei justificative privind selectarea procedurii de atribuire, a notei justificative privind criteriile de calificare \u015fi selec\u0163ie a ofertan\u0163ilor, a notei justificative privind criteriul de atribuire;<\/li><li>elaborarea invita\u0163iilor sau a anun\u0163urilor de participare la licita\u0163ie;<\/li><li>notificare UCVAP, dac\u0103 este cazul, \u015fi gestionarea rela\u0163iei cu UCVAP pe durata verific\u0103rii aspectelor procedurale aferente procesului de atribuire a contractelor de achizi\u0163ie public\u0103;<\/li><li>\u00eentocmirea \u015fi \u00eenaintarea spre aprobare a referatelor pentru constituirea Comisiei de evaluare \u015fi numirea membrilor acesteia;<\/li><li>primirea \u015fi solu\u0163ionarea solicit\u0103rilor de clarific\u0103ri la documenta\u0163ia de atribuire;<\/li><li>participarea la \u015fedin\u0163a de deschidere a ofertelor \u015fi \u00eentocmirea procesului-verbal al \u015fedin\u0163ei de deschidere a ofertelor;<\/li><li><div><div>stabilirea ofertelor inacceptabile sau neconforme \u015fi a ofertelor admisibile;<\/div><\/div><\/li><li><div><div>comunicarea rezultatului procedurii;<\/div><\/div><\/li><li>elaborarea, cu sprijinul consilierului juridic, a contractelor de achizi\u0163ie public\u0103 \u015fi \u00eenaintarea acestora spre semnare;<\/li><li>\u00eentocmirea notelor interne pentru restituirea garan\u0163iilor de participare c\u0103tre ofertantul c\u00e2\u015ftig\u0103tor \u015fi ofertan\u0163ii nec\u00e2\u015ftig\u0103tori;<\/li><li>\u00eentocmirea actelor constatatoare pentru fiecare procedur\u0103 de atribuire, \u00een baza proceselor \u2013verbale de recep\u0163ie par\u0163ial\u0103 sau final\u0103, acolo unde exist\u0103 obligativitatea conform legii.<\/li><\/ul><div>\u00a0<\/div>\t\t\t\t\t\t\t\t<\/div>\n\t\t\t\t<\/div>\n\t\t\t\t\t<\/div>\n\t\t<\/div>\n\t\t\t\t<div class=\"elementor-column elementor-col-50 elementor-top-column elementor-element elementor-element-29bda2b\" data-id=\"29bda2b\" data-element_type=\"column\">\n\t\t\t<div class=\"elementor-widget-wrap elementor-element-populated\">\n\t\t\t\t\t\t<div class=\"elementor-element elementor-element-22e2406 elementor-widget elementor-widget-text-editor\" data-id=\"22e2406\" data-element_type=\"widget\" data-widget_type=\"text-editor.default\">\n\t\t\t\t<div class=\"elementor-widget-container\">\n\t\t\t\t\t\t\t\t\t<ul><li>operarea sau completarea ulterioar\u0103 a programului anual al achizi\u0163iilor publice, modific\u0103ri\/complet\u0103ri care se aprob\u0103 \u00een acelea\u015fi condi\u0163ii ca \u015fi programul anual;<\/li><li>\u00eentocmirea raportului anual al achizi\u0163iilor publice;<\/li><li>\u00eentocmirea raportului anual al achizi\u0163iilor publice;<\/li><li><div><div>\u00eentocmirea raportului anual al achizi\u0163iilor publice;<\/div><\/div><\/li><li>\u00a0primirea \u015fi analizarea caietelor de sarcini;<\/li><li><div><div>\u00a0primirea \u015fi analizarea temelor de proiectare;<\/div><\/div><\/li><li><div><div>\u00a0cump\u0103rarea direct\u0103 on-line din catalogul electronic;<\/div><\/div><\/li><li>elaborarea, \u00eenaintarea spre aprobare \u015fi punerea la dispozi\u0163ia poten\u0163ialilor ofertan\u0163i a documenta\u0163iilor de atribuire\/fi\u015felor de date a achizi\u0163iilor publice;<\/li><li>transmiterea spre publicare \u00een SICAP (www.e-licitatie.ro) a tuturor documentelor impuse de legisla\u0163ia \u00een vigoare, \u00een materia achizi\u0163iilor publice;<\/li><li><div><div>gestionarea rela\u0163iei cu ANAP;<\/div><\/div><\/li><li>transmiterea informa\u0163iilor solicitate \u00een baza unor prevederi legale;<\/li><li>primirea ofertelor;<\/li><li>participarea la \u015fedin\u0163ele de evaluare a ofertelor, verificarea propunerilor tehnice \u015fi financiare \u015fi \u00eentocmirea proceselor-verbale de evaluare;<\/li><li>\u00a0\u00eentocmirea raportului procedurii de atribuire;<\/li><li>\u00eentocmirea punctelor de vedere cu privire la eventualele contesta\u0163ii depuse, \u00een vederea solu\u0163ion\u0103rii acestora;<\/li><li>elaborarea anun\u0163ului de atribuire;<\/li><li>elaborarea anun\u0163ului de atribuire;<\/li><li>\u00ee\u015fi \u00eensu\u015fe\u015fte \u015fi respect\u0103 prevederile legisla\u0163iei din domeniul securit\u0103\u0163ii \u015fi s\u0103n\u0103t\u0103\u0163ii \u00een munc\u0103 \u015fi m\u0103surile de aplicare a acestora;<\/li><li>responsabil cu G.D.P.R la nivelulu unit\u0103\u0163ii.<\/li><li>\u0163ine eviden\u0163a modului de \u00eendeplinire a activit\u0103\u0163ilor prestate de persoanele beneficiare de venit minim garantat \u015fi cei care presteaz\u0103 ore \u00een folosul comunit\u0103\u0163ii sub coordonarea asistenului social \u015fi a viceprimarului.<\/li><li>declara\u021biile de avere \u0219i interese<\/li><li>responsabi cu procedurile de comunicare ale actelor de procedur\u0103.<\/li><li>responsabil cu protectia mediului<div>\u00a0<\/div><\/li><\/ul><div>\u00a0<\/div>\t\t\t\t\t\t\t\t<\/div>\n\t\t\t\t<\/div>\n\t\t\t\t\t<\/div>\n\t\t<\/div>\n\t\t\t\t\t<\/div>\n\t\t<\/section>\n\t\t\t\t<\/div>\n\t\t","protected":false},"excerpt":{"rendered":"<p>Achizi\u021bii publice Responsabil departament: SAVIN ROBERT \u0218TEFAN Atribu\u021bii \u00eentocmirea programului anual al achizi\u0163iilor publice, \u00eenaintarea spre aprobare conduc\u0103torului autorit\u0103\u0163ii contractante conform atribu\u0163iilor legale ce \u00eei revin, cu avizul Serviciului Contabil; operarea sau completarea ulterioar\u0103 a programului anual al achizi\u0163iilor publice, modific\u0103ri\/complet\u0103ri care se aprob\u0103 \u00een acelea\u015fi condi\u0163ii ca \u015fi programul anual; \u00a0primirea \u015fi analizarea referatelor &hellip;<\/p>\n<p class=\"read-more\"> <a class=\"\" href=\"https:\/\/arhiva.primariaceahlau.ro\/?page_id=1683\"> <span class=\"screen-reader-text\">Achizi\u021bii publice<\/span> Read More &raquo;<\/a><\/p>\n","protected":false},"author":4,"featured_media":0,"parent":0,"menu_order":0,"comment_status":"closed","ping_status":"closed","template":"achizitii-publice.php","meta":{"site-sidebar-layout":"no-sidebar","site-content-layout":"page-builder","ast-site-content-layout":"default","site-content-style":"default","site-sidebar-style":"default","ast-global-header-display":"","ast-banner-title-visibility":"","ast-main-header-display":"","ast-hfb-above-header-display":"","ast-hfb-below-header-display":"","ast-hfb-mobile-header-display":"","site-post-title":"disabled","ast-breadcrumbs-content":"","ast-featured-img":"disabled","footer-sml-layout":"","theme-transparent-header-meta":"","adv-header-id-meta":"","stick-header-meta":"","header-above-stick-meta":"","header-main-stick-meta":"","header-below-stick-meta":"","astra-migrate-meta-layouts":"set","footnotes":""},"class_list":["post-1683","page","type-page","status-publish","hentry"],"_links":{"self":[{"href":"https:\/\/arhiva.primariaceahlau.ro\/index.php?rest_route=\/wp\/v2\/pages\/1683","targetHints":{"allow":["GET"]}}],"collection":[{"href":"https:\/\/arhiva.primariaceahlau.ro\/index.php?rest_route=\/wp\/v2\/pages"}],"about":[{"href":"https:\/\/arhiva.primariaceahlau.ro\/index.php?rest_route=\/wp\/v2\/types\/page"}],"author":[{"embeddable":true,"href":"https:\/\/arhiva.primariaceahlau.ro\/index.php?rest_route=\/wp\/v2\/users\/4"}],"replies":[{"embeddable":true,"href":"https:\/\/arhiva.primariaceahlau.ro\/index.php?rest_route=%2Fwp%2Fv2%2Fcomments&post=1683"}],"version-history":[{"count":13,"href":"https:\/\/arhiva.primariaceahlau.ro\/index.php?rest_route=\/wp\/v2\/pages\/1683\/revisions"}],"predecessor-version":[{"id":1698,"href":"https:\/\/arhiva.primariaceahlau.ro\/index.php?rest_route=\/wp\/v2\/pages\/1683\/revisions\/1698"}],"wp:attachment":[{"href":"https:\/\/arhiva.primariaceahlau.ro\/index.php?rest_route=%2Fwp%2Fv2%2Fmedia&parent=1683"}],"curies":[{"name":"wp","href":"https:\/\/api.w.org\/{rel}","templated":true}]}}