{"id":1235,"date":"2023-09-26T06:18:09","date_gmt":"2023-09-26T06:18:09","guid":{"rendered":"https:\/\/primariadornesti.ro\/?page_id=1235"},"modified":"2024-05-23T06:58:35","modified_gmt":"2024-05-23T06:58:35","slug":"regulament-general-de-protectia-datelor","status":"publish","type":"page","link":"https:\/\/arhiva.primariaceahlau.ro\/?page_id=1235","title":{"rendered":"Regulament General de Protec\u021bia Datelor"},"content":{"rendered":"\t\t<div data-elementor-type=\"wp-page\" data-elementor-id=\"1235\" class=\"elementor elementor-1235\">\n\t\t\t\t\t\t<section class=\"elementor-section elementor-top-section elementor-element elementor-element-5bdd114 elementor-section-boxed elementor-section-height-default elementor-section-height-default\" data-id=\"5bdd114\" data-element_type=\"section\">\n\t\t\t\t\t\t<div class=\"elementor-container elementor-column-gap-default\">\n\t\t\t\t\t<div class=\"elementor-column elementor-col-100 elementor-top-column elementor-element elementor-element-ce6cfaf\" data-id=\"ce6cfaf\" data-element_type=\"column\">\n\t\t\t<div class=\"elementor-widget-wrap elementor-element-populated\">\n\t\t\t\t\t\t<div class=\"elementor-element elementor-element-3aec3ca elementor-widget elementor-widget-heading\" data-id=\"3aec3ca\" data-element_type=\"widget\" data-widget_type=\"heading.default\">\n\t\t\t\t<div class=\"elementor-widget-container\">\n\t\t\t\t\t<h3 class=\"elementor-heading-title elementor-size-default\">RGPD- Regulament General de Protec\u021bia Datelor<\/h3>\t\t\t\t<\/div>\n\t\t\t\t<\/div>\n\t\t\t\t<div class=\"elementor-element elementor-element-ee65909 elementor-widget-divider--view-line elementor-widget elementor-widget-divider\" data-id=\"ee65909\" data-element_type=\"widget\" data-widget_type=\"divider.default\">\n\t\t\t\t<div class=\"elementor-widget-container\">\n\t\t\t\t\t\t\t<div class=\"elementor-divider\">\n\t\t\t<span class=\"elementor-divider-separator\">\n\t\t\t\t\t\t<\/span>\n\t\t<\/div>\n\t\t\t\t\t\t<\/div>\n\t\t\t\t<\/div>\n\t\t\t\t<div class=\"elementor-element elementor-element-28200a3 elementor-widget elementor-widget-text-editor\" data-id=\"28200a3\" data-element_type=\"widget\" data-widget_type=\"text-editor.default\">\n\t\t\t\t<div class=\"elementor-widget-container\">\n\t\t\t\t\t\t\t\t\t<div><div>\u00a0 \u00a0 \u00a0Datele cu caracter personal sunt orice informa\u021bie care se refer\u0103 la o persoan\u0103 fizic\u0103 identificat\u0103 sau identificabil\u0103. Informa\u021biile diferite care, adunate, pot duce la identificarea unei anumite persoane constituie \u0219i ele date cu caracter personal.<div><div>\u00a0 \u00a0 \u00a0Datele cu caracter personal care au fost anonimizate, criptate sau pseudonimizate, dar pot fi utilizate pentru reidentificarea unei persoane r\u0103m\u00e2n date cu caracter personal \u0219i sunt vizate de RGPD.<\/div><\/div><\/div><\/div>\t\t\t\t\t\t\t\t<\/div>\n\t\t\t\t<\/div>\n\t\t\t\t<div class=\"elementor-element elementor-element-b9d29fc elementor-widget elementor-widget-heading\" data-id=\"b9d29fc\" data-element_type=\"widget\" data-widget_type=\"heading.default\">\n\t\t\t\t<div class=\"elementor-widget-container\">\n\t\t\t\t\t<h6 class=\"elementor-heading-title elementor-size-default\"><a href=\"https:\/\/www.dataprotection.ro\/\">Autoritatea na\u021bional\u0103 de supraveghere a prelucr\u0103rii datelor cu caracter personal<\/a><\/h6>\t\t\t\t<\/div>\n\t\t\t\t<\/div>\n\t\t\t\t<div class=\"elementor-element elementor-element-f2ed50a elementor-widget elementor-widget-accordion\" data-id=\"f2ed50a\" data-element_type=\"widget\" data-widget_type=\"accordion.default\">\n\t\t\t\t<div class=\"elementor-widget-container\">\n\t\t\t\t\t\t\t<div class=\"elementor-accordion\">\n\t\t\t\t\t\t\t<div class=\"elementor-accordion-item\">\n\t\t\t\t\t<div id=\"elementor-tab-title-2541\" class=\"elementor-tab-title\" data-tab=\"1\" role=\"button\" aria-controls=\"elementor-tab-content-2541\" aria-expanded=\"false\">\n\t\t\t\t\t\t\t\t\t\t\t\t\t<span class=\"elementor-accordion-icon elementor-accordion-icon-left\" aria-hidden=\"true\">\n\t\t\t\t\t\t\t\t\t\t\t\t\t\t\t<span class=\"elementor-accordion-icon-closed\"><i class=\"fas fa-plus\"><\/i><\/span>\n\t\t\t\t\t\t\t\t<span class=\"elementor-accordion-icon-opened\"><i class=\"fas fa-minus\"><\/i><\/span>\n\t\t\t\t\t\t\t\t\t\t\t\t\t\t<\/span>\n\t\t\t\t\t\t\t\t\t\t\t\t<a class=\"elementor-accordion-title\" tabindex=\"0\">Politic\u0103 de confiden\u021bialitate<\/a>\n\t\t\t\t\t<\/div>\n\t\t\t\t\t<div id=\"elementor-tab-content-2541\" class=\"elementor-tab-content elementor-clearfix\" data-tab=\"1\" role=\"region\" aria-labelledby=\"elementor-tab-title-2541\"><div><div>Prin prezenta politic\u0103 de confiden\u021bialitate v\u0103 aducem la cuno\u0219tin\u021b\u0103 aspecte cu privire la prelucrarea datelor dumneavoastr\u0103 cu caracter personal de c\u0103tre institu\u021bia noastr\u0103, precum \u0219i drepturile de care beneficia\u021bi conform Regulamentului (UE) 679\/2016 privind protec\u021bia persoanelor fizice \u00een ceea ce prive\u0219te prelucrarea datelor cu caracter personal \u0219i privind libera circula\u021bie a acestor date (\u201cGDPR\u201d) \u0219i legisla\u021bia na\u021bional\u0103 \u00een vigoare.<\/div><div><div><div>Aceast\u0103 Politic\u0103 de confiden\u021bialitate nu acoper\u0103 aplica\u021biile \u0219i site-urile altor ter\u021bi la care pute\u021bi ajunge prin accesarea link-urilor de pe site-ul nostru. Acest lucru excedeaz\u0103 controlului nostru. V\u0103 \u00eencuraj\u0103m s\u0103 examina\u021bi Politica de confiden\u021bialitate de pe orice site \u0219i\/sau aplica\u021bie \u00eenainte de a furniza date personale.<\/div><div><div><div>Deoarece colect\u0103m anumite tipuri de informa\u021bii despre utilizatorii no\u0219tri, vrem s\u0103 \u00een\u021belege\u021bi ce informa\u021bii colect\u0103m despre dumneavoastr\u0103, cum le colect\u0103m, cum sunt folosite aceste informa\u021bii \u0219i cum pute\u021bi controla circuitul informa\u021biilor dvs. Sunte\u021bi de acord c\u0103 utilizarea de c\u0103tre dvs. a site-ului \u00eenseamn\u0103 aprobarea dvs. fa\u021b\u0103 de aceast\u0103 Politic\u0103 de Confiden\u021bialitate. Dac\u0103 nu sunte\u021bi de acord cu aceast\u0103 Politic\u0103 de Confiden\u021bialitate, v\u0103 rug\u0103m s\u0103 nu utiliza\u021bi site-ul Web.<\/div><\/div><\/div><\/div><\/div><\/div><\/div>\n\t\t\t\t<\/div>\n\t\t\t\t\t\t\t<div class=\"elementor-accordion-item\">\n\t\t\t\t\t<div id=\"elementor-tab-title-2542\" class=\"elementor-tab-title\" data-tab=\"2\" role=\"button\" aria-controls=\"elementor-tab-content-2542\" aria-expanded=\"false\">\n\t\t\t\t\t\t\t\t\t\t\t\t\t<span class=\"elementor-accordion-icon elementor-accordion-icon-left\" aria-hidden=\"true\">\n\t\t\t\t\t\t\t\t\t\t\t\t\t\t\t<span class=\"elementor-accordion-icon-closed\"><i class=\"fas fa-plus\"><\/i><\/span>\n\t\t\t\t\t\t\t\t<span class=\"elementor-accordion-icon-opened\"><i class=\"fas fa-minus\"><\/i><\/span>\n\t\t\t\t\t\t\t\t\t\t\t\t\t\t<\/span>\n\t\t\t\t\t\t\t\t\t\t\t\t<a class=\"elementor-accordion-title\" tabindex=\"0\">Informa\u021bii colectare date<\/a>\n\t\t\t\t\t<\/div>\n\t\t\t\t\t<div id=\"elementor-tab-content-2542\" class=\"elementor-tab-content elementor-clearfix\" data-tab=\"2\" role=\"region\" aria-labelledby=\"elementor-tab-title-2542\"><div><div><strong>Informa\u021bii care v\u0103 identific\u0103 persona<\/strong>l(ex. printr-un process de \u00eenregistrare voluntar\u0103,emailuri)<\/div><div><div><div>C\u00e2nd alege\u021bi s\u0103 utiliza\u021bi func\u021bii suplimentare de pe site, atunci furniza\u021bi \u201cInforma\u021bii de contact\u201d, cum ar fi numele, adresa de e-mail etc. Noi nu colect\u0103m automat aceste informa\u021bii c\u00e2nd vizita\u021bi site-ul nostru. Putem folosi aceste informa\u021bii pentru a r\u0103spunde solicit\u0103rilor dumneavoastr\u0103, oferindu-v\u0103 noi informa\u021bii de con\u021binut viitoare sau informa\u021bii de interes public.<\/div><div><b>Informa\u021bii care nu v\u0103 identific\u0103 personal<\/b><\/div><div><div><div>Acest tip de informa\u021bii este utilizat \u00een diferite moduri, incluz\u00e2nd analizarea traficului pe site \u0219i \u00eembun\u0103t\u0103\u021birea site-ului nostru. Informa\u021biile non-personale pot include browserul Web pe care l-a\u021bi folosit pentru a vizita site-ul web, ora la care a\u021bi vizitat site-ul web, paginile pe care le-a\u021bi vizitat pe site \u0219i alte date anonime privind utilizarea site-ului.<\/div><\/div><\/div><div>\u00a0<\/div><\/div><\/div><\/div><\/div>\n\t\t\t\t<\/div>\n\t\t\t\t\t\t\t<div class=\"elementor-accordion-item\">\n\t\t\t\t\t<div id=\"elementor-tab-title-2543\" class=\"elementor-tab-title\" data-tab=\"3\" role=\"button\" aria-controls=\"elementor-tab-content-2543\" aria-expanded=\"false\">\n\t\t\t\t\t\t\t\t\t\t\t\t\t<span class=\"elementor-accordion-icon elementor-accordion-icon-left\" aria-hidden=\"true\">\n\t\t\t\t\t\t\t\t\t\t\t\t\t\t\t<span class=\"elementor-accordion-icon-closed\"><i class=\"fas fa-plus\"><\/i><\/span>\n\t\t\t\t\t\t\t\t<span class=\"elementor-accordion-icon-opened\"><i class=\"fas fa-minus\"><\/i><\/span>\n\t\t\t\t\t\t\t\t\t\t\t\t\t\t<\/span>\n\t\t\t\t\t\t\t\t\t\t\t\t<a class=\"elementor-accordion-title\" tabindex=\"0\">Cum sunt utilizate datele colectate<\/a>\n\t\t\t\t\t<\/div>\n\t\t\t\t\t<div id=\"elementor-tab-content-2543\" class=\"elementor-tab-content elementor-clearfix\" data-tab=\"3\" role=\"region\" aria-labelledby=\"elementor-tab-title-2543\"><div><div>\u00a0 \u00a0 \u00a0Informa\u021biile colectate sunt utilizate numai \u00een scopurile ini\u021biale pentru care au fost colectate. Informa\u021biile dvs. personale nu vor fi v\u00e2ndute sau transferate \u00een alt mod ter\u021bilor f\u0103r\u0103 aprobarea dvs. din momentul colect\u0103rii.<\/div><div><div><div>\u00a0 \u00a0 \u00a0Unitatea nu va utiliza, oferi sau divulga informa\u0163ii personale unor ter\u0163e p\u0103r\u0163i \u00een orice scop, cu excep\u0163ia cazului \u00een care acest lucru este cerut de lege, sau acest lucru a fost aprobat \u00een mod ferm de dvs.<\/div><div><div><div>\u00a0 \u00a0 \u00a0Este posibil ca anumite ter\u0163e p\u0103r\u021bi de \u00eencredere (cum ar fi Google Analytics) s\u0103 poat\u0103 urm\u0103ri utilizarea, s\u0103 analizeze date cum ar fi adresa surs\u0103 de la care vine cererea de pagin\u0103, adresa dvs. IP sau numele domeniului, data \u0219i ora solicit\u0103rii paginii, Website (dac\u0103 exist\u0103) \u0219i al\u021bi parametri \u00een URL. Acestea sunt colectate pentru a \u00een\u021belege mai bine utilizarea site-ului nostru \u0219i pentru a spori performan\u021ba serviciilor pentru \u00eentre\u021binerea \u0219i operarea site-ului Web \u0219i a anumitor caracteristici ale acestuia. Putem folosi ter\u021be p\u0103r\u021bi pentru a g\u0103zdui site-ul, utiliza diverse func\u021bii disponibile de pe site, trimite emailuri; analiza datelor, furnizare rezultate de c\u0103utare etc.<\/div><div><div><div>\u00a0 \u00a0 \u00a0Pentru a preveni accesul neautorizat, a men\u021bine acurate\u021bea datelor \u0219i a asigura utilizarea corect\u0103 a informa\u021biilor, men\u021binem procedurile fizice, electronice \u0219i manageriale adecvate pentru a proteja \u0219i asigura informa\u021biile \u0219i datele stocate \u00een sistemul nostru. De\u0219i niciun sistem informatic nu este complet sigur, credem c\u0103 m\u0103surile pe care le-am implementat reduc probabilitatea unor probleme de securitate la un nivel corespunz\u0103tor tipului de date implicate.<\/div><\/div><\/div><\/div><\/div><\/div><\/div><\/div><\/div>\n\t\t\t\t<\/div>\n\t\t\t\t\t\t\t<div class=\"elementor-accordion-item\">\n\t\t\t\t\t<div id=\"elementor-tab-title-2544\" class=\"elementor-tab-title\" data-tab=\"4\" role=\"button\" aria-controls=\"elementor-tab-content-2544\" aria-expanded=\"false\">\n\t\t\t\t\t\t\t\t\t\t\t\t\t<span class=\"elementor-accordion-icon elementor-accordion-icon-left\" aria-hidden=\"true\">\n\t\t\t\t\t\t\t\t\t\t\t\t\t\t\t<span class=\"elementor-accordion-icon-closed\"><i class=\"fas fa-plus\"><\/i><\/span>\n\t\t\t\t\t\t\t\t<span class=\"elementor-accordion-icon-opened\"><i class=\"fas fa-minus\"><\/i><\/span>\n\t\t\t\t\t\t\t\t\t\t\t\t\t\t<\/span>\n\t\t\t\t\t\t\t\t\t\t\t\t<a class=\"elementor-accordion-title\" tabindex=\"0\">Drepturile persoanei vizate \u00een privin\u021ba prelucr\u0103rii datelor cu caracter personal<\/a>\n\t\t\t\t\t<\/div>\n\t\t\t\t\t<div id=\"elementor-tab-content-2544\" class=\"elementor-tab-content elementor-clearfix\" data-tab=\"4\" role=\"region\" aria-labelledby=\"elementor-tab-title-2544\"><div><ul><li>Dreptul de retragere a consim\u021b\u0103m\u00e2ntului<\/li><li>Dreptul de a fi informat cu privire la prelucrarea datelor dvs<\/li><li>Dreptul de a rectifica datele inexacte sau incomplete<\/li><li>Dreptul de acces asupra datelor<\/li><li><div><div>Dreptul de \u0219tergere (\u201edreptul de a fi uitat\u201d)<\/div><\/div><\/li><li><div><div>Dreptul la restric\u021bionarea prelucr\u0103rii<\/div><\/div><\/li><li><div><div>Dreptul de a v\u0103 opune prelucr\u0103rii datelo<\/div><\/div><\/li><\/ul><\/div><div><p>\u00a0<\/p><\/div><\/div>\n\t\t\t\t<\/div>\n\t\t\t\t\t\t\t<div class=\"elementor-accordion-item\">\n\t\t\t\t\t<div id=\"elementor-tab-title-2545\" class=\"elementor-tab-title\" data-tab=\"5\" role=\"button\" aria-controls=\"elementor-tab-content-2545\" aria-expanded=\"false\">\n\t\t\t\t\t\t\t\t\t\t\t\t\t<span class=\"elementor-accordion-icon elementor-accordion-icon-left\" aria-hidden=\"true\">\n\t\t\t\t\t\t\t\t\t\t\t\t\t\t\t<span class=\"elementor-accordion-icon-closed\"><i class=\"fas fa-plus\"><\/i><\/span>\n\t\t\t\t\t\t\t\t<span class=\"elementor-accordion-icon-opened\"><i class=\"fas fa-minus\"><\/i><\/span>\n\t\t\t\t\t\t\t\t\t\t\t\t\t\t<\/span>\n\t\t\t\t\t\t\t\t\t\t\t\t<a class=\"elementor-accordion-title\" tabindex=\"0\">\u00centreb\u0103ri solicit\u0103ri \u0219i exercitarea drepturilor<\/a>\n\t\t\t\t\t<\/div>\n\t\t\t\t\t<div id=\"elementor-tab-content-2545\" class=\"elementor-tab-content elementor-clearfix\" data-tab=\"5\" role=\"region\" aria-labelledby=\"elementor-tab-title-2545\"><div><div>Dac\u0103 aveti \u00eentreb\u0103ri sau nel\u0103muriri cu privire la prelucrarea datelor dumneavoastr\u0103, pentru exercitarea drepturilor legale \u00een leg\u0103tur\u0103 cu datele pe care le de\u021binem sau dac\u0103 dori\u021bi informa\u021bii cu privire la modul \u00een care trat\u0103m orice problem\u0103 de confiden\u021bialitate, ne pute\u021bi scrie la adresa noastr\u0103 de e-mail primaria_ceahlau@yahoo.com<\/div><\/div><\/div>\n\t\t\t\t<\/div>\n\t\t\t\t\t\t\t\t<\/div>\n\t\t\t\t\t\t<\/div>\n\t\t\t\t<\/div>\n\t\t\t\t\t<\/div>\n\t\t<\/div>\n\t\t\t\t\t<\/div>\n\t\t<\/section>\n\t\t\t\t<\/div>\n\t\t","protected":false},"excerpt":{"rendered":"<p>RGPD- Regulament General de Protec\u021bia Datelor \u00a0 \u00a0 \u00a0Datele cu caracter personal sunt orice informa\u021bie care se refer\u0103 la o persoan\u0103 fizic\u0103 identificat\u0103 sau identificabil\u0103. Informa\u021biile diferite care, adunate, pot duce la identificarea unei anumite persoane constituie \u0219i ele date cu caracter personal.\u00a0 \u00a0 \u00a0Datele cu caracter personal care au fost anonimizate, criptate sau pseudonimizate, &hellip;<\/p>\n<p class=\"read-more\"> <a class=\"\" href=\"https:\/\/arhiva.primariaceahlau.ro\/?page_id=1235\"> <span class=\"screen-reader-text\">Regulament General de Protec\u021bia Datelor<\/span> Read More &raquo;<\/a><\/p>\n","protected":false},"author":1,"featured_media":0,"parent":0,"menu_order":0,"comment_status":"closed","ping_status":"closed","template":"gdpr.php","meta":{"site-sidebar-layout":"no-sidebar","site-content-layout":"page-builder","ast-site-content-layout":"default","site-content-style":"default","site-sidebar-style":"default","ast-global-header-display":"","ast-banner-title-visibility":"","ast-main-header-display":"","ast-hfb-above-header-display":"","ast-hfb-below-header-display":"","ast-hfb-mobile-header-display":"","site-post-title":"disabled","ast-breadcrumbs-content":"","ast-featured-img":"disabled","footer-sml-layout":"","theme-transparent-header-meta":"","adv-header-id-meta":"","stick-header-meta":"","header-above-stick-meta":"","header-main-stick-meta":"","header-below-stick-meta":"","astra-migrate-meta-layouts":"set","footnotes":""},"class_list":["post-1235","page","type-page","status-publish","hentry"],"_links":{"self":[{"href":"https:\/\/arhiva.primariaceahlau.ro\/index.php?rest_route=\/wp\/v2\/pages\/1235","targetHints":{"allow":["GET"]}}],"collection":[{"href":"https:\/\/arhiva.primariaceahlau.ro\/index.php?rest_route=\/wp\/v2\/pages"}],"about":[{"href":"https:\/\/arhiva.primariaceahlau.ro\/index.php?rest_route=\/wp\/v2\/types\/page"}],"author":[{"embeddable":true,"href":"https:\/\/arhiva.primariaceahlau.ro\/index.php?rest_route=\/wp\/v2\/users\/1"}],"replies":[{"embeddable":true,"href":"https:\/\/arhiva.primariaceahlau.ro\/index.php?rest_route=%2Fwp%2Fv2%2Fcomments&post=1235"}],"version-history":[{"count":13,"href":"https:\/\/arhiva.primariaceahlau.ro\/index.php?rest_route=\/wp\/v2\/pages\/1235\/revisions"}],"predecessor-version":[{"id":1632,"href":"https:\/\/arhiva.primariaceahlau.ro\/index.php?rest_route=\/wp\/v2\/pages\/1235\/revisions\/1632"}],"wp:attachment":[{"href":"https:\/\/arhiva.primariaceahlau.ro\/index.php?rest_route=%2Fwp%2Fv2%2Fmedia&parent=1235"}],"curies":[{"name":"wp","href":"https:\/\/api.w.org\/{rel}","templated":true}]}}